{"id":735,"date":"2020-08-26T11:26:13","date_gmt":"2020-08-26T11:26:13","guid":{"rendered":"http:\/\/metallbau-fw.de\/?page_id=735"},"modified":"2020-09-04T16:40:53","modified_gmt":"2020-09-04T16:40:53","slug":"privatkunden","status":"publish","type":"page","link":"https:\/\/metallbau-fw.de\/?page_id=735","title":{"rendered":"Privatkunden"},"content":{"rendered":"<div class=\"\" style=\"\" >\n    \n    <section class=\"u-align-center u-clearfix u-section-2\" id=\"sec-c68d\">\n      <div class=\"u-clearfix u-sheet u-sheet-1\">\n        <h1 class=\"u-text u-text-default u-text-1\">Unser mobiler F&amp;W-Metallbau-Showroom<\/h1>\n      <\/div>\n    <\/section>\n    <section class=\"u-clearfix u-section-3\" id=\"sec-bbe0\">\n      <div class=\"u-clearfix u-sheet u-valign-middle u-sheet-1\">\n        <div class=\"u-container-style u-expanded-width u-grey-80 u-group u-group-1\">\n          <div class=\"u-container-layout u-container-layout-1\"><\/div>\n        <\/div>\n        <div class=\"u-clearfix u-expanded-width u-gutter-30 u-layout-wrap u-layout-wrap-1\">\n          <div class=\"u-layout\">\n            <div class=\"u-layout-row\">\n              <div class=\"u-align-center u-container-style u-layout-cell u-left-cell u-size-23 u-layout-cell-1\">\n                <div class=\"u-container-layout u-container-layout-2\">\n                  <p class=\"u-text u-text-body-alt-color u-text-default u-text-1\">Die grundlegende Idee unseres Anh\u00e4ngers ist, Ihnen einige unserer Produkte und die individuellen Gestaltungsm\u00f6glichkeiten in verkleinerter Form etwas n\u00e4her zu bringen ...nichts ist besserals ein Produkt in Natura zu sehen.&nbsp;<br>Falls Sie unseren Anh\u00e4nger auch in Ihrer N\u00e4he einmal stehen sehen und Ihnen Ideen f\u00fcr Ihr ganz pers\u00f6nliches Projekt kommen, dann kontaktieren Sie uns ganz einfach getreu nach unserem Motte: \"<br>\n                    <br><b>\n                      <font style=\"font-size: 1.125rem;\">\"Wir brauchen Ihre Idee, wir haben einfach zu viele L\u00f6sungen ...\"<\/font><\/b>.<br>\n                  <\/p>\n                  <a href=\"https:\/\/metallbau-fw.de\/?page_id=581\" class=\"u-btn u-btn-rectangle u-button-style u-palette-1-base u-btn-1\">Kontakt<\/a>\n                <\/div>\n              <\/div>\n              <div class=\"u-container-style u-layout-cell u-right-cell u-size-37 u-layout-cell-2\">\n                <div class=\"u-container-layout u-valign-middle u-container-layout-3\">\n                  <div class=\"u-carousel u-expanded-width u-gallery u-layout-carousel u-lightbox u-no-transition u-show-text-none u-gallery-1\" data-interval=\"5000\" data-u-ride=\"carousel\" id=\"carousel-68a0\">\n                    <ol class=\"u-absolute-hcenter u-carousel-indicators u-carousel-indicators-1\">\n                      <li data-u-target=\"#carousel-68a0\" data-u-slide-to=\"0\" class=\"u-active u-grey-70 u-shape-circle\" style=\"width: 10px; height: 10px;\"><\/li>\n                      <li data-u-target=\"#carousel-68a0\" data-u-slide-to=\"1\" class=\"u-grey-70 u-shape-circle\" style=\"width: 10px; height: 10px;\"><\/li>\n                      <li data-u-target=\"#carousel-68a0\" data-u-slide-to=\"2\" class=\"u-grey-70 u-shape-circle\" style=\"width: 10px; height: 10px;\"><\/li>\n                      <li data-u-target=\"#carousel-68a0\" data-u-slide-to=\"3\" class=\"u-grey-70 u-shape-circle\" style=\"width: 10px; height: 10px;\"><\/li>\n                    <\/ol>\n                    <div class=\"u-carousel-inner u-gallery-inner\" role=\"listbox\">\n                      <div class=\"u-active u-carousel-item u-gallery-item\">\n                        <div class=\"u-back-slide\" data-image-width=\"1613\" data-image-height=\"908\">\n                          <img class=\"u-back-image u-expanded lazyload\" data-src=\"https:\/\/metallbau-fw.de\/wp-content\/uploads\/2020\/09\/Anhnger_1.jpg\">\n                        <\/div>\n                        <div class=\"u-over-slide u-over-slide-1\">\n                          <h3 class=\"u-gallery-heading\">Sample Title<\/h3>\n                          <p class=\"u-gallery-text\">Sample Text<\/p>\n                        <\/div>\n                      <\/div>\n                      <div class=\"u-carousel-item u-gallery-item\">\n                        <div class=\"u-back-slide\" data-image-width=\"1613\" data-image-height=\"908\">\n                          <img class=\"u-back-image u-expanded lazyload\" data-src=\"https:\/\/metallbau-fw.de\/wp-content\/uploads\/2020\/09\/Anhnger_4.jpg\">\n                        <\/div>\n                        <div class=\"u-over-slide u-over-slide-2\">\n                          <h3 class=\"u-gallery-heading\">Sample Title<\/h3>\n                          <p class=\"u-gallery-text\">Sample Text<\/p>\n                        <\/div>\n                      <\/div>\n                      <div class=\"u-carousel-item u-gallery-item\" data-image-width=\"1280\" data-image-height=\"808\">\n                        <div class=\"u-back-slide\" data-image-width=\"1613\" data-image-height=\"908\">\n                          <img class=\"u-back-image u-expanded lazyload\" data-src=\"https:\/\/metallbau-fw.de\/wp-content\/uploads\/2020\/09\/Anhnger_2.jpg\">\n                        <\/div>\n                        <div class=\"u-over-slide u-over-slide-3\">\n                          <h3 class=\" u-gallery-heading\"><\/h3>\n                          <p class=\" u-gallery-text\"><\/p>\n                        <\/div>\n                      <\/div>\n                      <div class=\"active u-carousel-item u-gallery-item\" data-image-width=\"1280\" data-image-height=\"808\">\n                        <div class=\"u-back-slide\" data-image-width=\"1613\" data-image-height=\"908\">\n                          <img class=\"u-back-image u-expanded lazyload\" data-src=\"https:\/\/metallbau-fw.de\/wp-content\/uploads\/2020\/09\/Anhnger_3.jpg\">\n                        <\/div>\n                        <div class=\"u-over-slide u-over-slide-4\">\n                          <h3 class=\" u-gallery-heading\"><\/h3>\n                          <p class=\" u-gallery-text\"><\/p>\n                        <\/div>\n                      <\/div>\n                    <\/div>\n                    <a class=\"u-absolute-vcenter u-carousel-control u-carousel-control-prev u-grey-70 u-opacity u-opacity-70 u-shape-circle u-spacing-10 u-text-white u-carousel-control-1\" href=\"#carousel-68a0\" role=\"button\" data-u-slide=\"prev\">\n                      <span aria-hidden=\"true\">\n                        <svg viewBox=\"0 0 451.847 451.847\"><path d=\"M97.141,225.92c0-8.095,3.091-16.192,9.259-22.366L300.689,9.27c12.359-12.359,32.397-12.359,44.751,0\nc12.354,12.354,12.354,32.388,0,44.748L173.525,225.92l171.903,171.909c12.354,12.354,12.354,32.391,0,44.744\nc-12.354,12.365-32.386,12.365-44.745,0l-194.29-194.281C100.226,242.115,97.141,234.018,97.141,225.92z\"><\/path><\/svg>\n                      <\/span>\n                      <span class=\"sr-only\">\n                        <svg viewBox=\"0 0 451.847 451.847\"><path d=\"M97.141,225.92c0-8.095,3.091-16.192,9.259-22.366L300.689,9.27c12.359-12.359,32.397-12.359,44.751,0\nc12.354,12.354,12.354,32.388,0,44.748L173.525,225.92l171.903,171.909c12.354,12.354,12.354,32.391,0,44.744\nc-12.354,12.365-32.386,12.365-44.745,0l-194.29-194.281C100.226,242.115,97.141,234.018,97.141,225.92z\"><\/path><\/svg>\n                      <\/span>\n                    <\/a>\n                    <a class=\"u-absolute-vcenter u-carousel-control u-carousel-control-next u-grey-70 u-opacity u-opacity-70 u-shape-circle u-spacing-10 u-text-white u-carousel-control-2\" href=\"#carousel-68a0\" role=\"button\" data-u-slide=\"next\">\n                      <span aria-hidden=\"true\">\n                        <svg viewBox=\"0 0 451.846 451.847\"><path d=\"M345.441,248.292L151.154,442.573c-12.359,12.365-32.397,12.365-44.75,0c-12.354-12.354-12.354-32.391,0-44.744\nL278.318,225.92L106.409,54.017c-12.354-12.359-12.354-32.394,0-44.748c12.354-12.359,32.391-12.359,44.75,0l194.287,194.284\nc6.177,6.18,9.262,14.271,9.262,22.366C354.708,234.018,351.617,242.115,345.441,248.292z\"><\/path><\/svg>\n                      <\/span>\n                      <span class=\"sr-only\">\n                        <svg viewBox=\"0 0 451.846 451.847\"><path d=\"M345.441,248.292L151.154,442.573c-12.359,12.365-32.397,12.365-44.75,0c-12.354-12.354-12.354-32.391,0-44.744\nL278.318,225.92L106.409,54.017c-12.354-12.359-12.354-32.394,0-44.748c12.354-12.359,32.391-12.359,44.75,0l194.287,194.284\nc6.177,6.18,9.262,14.271,9.262,22.366C354.708,234.018,351.617,242.115,345.441,248.292z\"><\/path><\/svg>\n                      <\/span>\n                    <\/a>\n                  <\/div>\n                <\/div>\n              <\/div>\n            <\/div>\n          <\/div>\n        <\/div>\n      <\/div>\n    <\/section>\n    <section class=\"u-clearfix u-section-4\" id=\"sec-6403\">\n      <div class=\"u-clearfix u-sheet u-sheet-1\">\n        <div class=\"u-container-style u-group u-group-1\">\n          <div class=\"u-container-layout u-container-layout-1\"><\/div>\n        <\/div>\n        <div class=\"u-clearfix u-expanded-width u-gutter-10 u-layout-wrap u-layout-wrap-1\">\n          <div class=\"u-layout\">\n            <div class=\"u-layout-row\">\n              <div class=\"u-container-style u-layout-cell u-left-cell u-size-30 u-layout-cell-1\">\n                <div class=\"u-container-layout u-valign-middle u-container-layout-2\">\n                  <div class=\"u-expanded-width u-gallery u-layout-grid u-lightbox u-show-text-none u-gallery-1\">\n                    <div class=\"u-gallery-inner u-gallery-inner-1\">\n                      <div class=\"u-gallery-item\">\n                        <div class=\"u-back-slide\" data-image-width=\"1080\" data-image-height=\"1920\">\n                          <img class=\"u-back-image u-expanded lazyload\" data-src=\"http:\/\/metallbau-fw.de\/wp-content\/uploads\/2020\/08\/Screenshot_2017-06-30-23-39-53.png\">\n                        <\/div>\n                        <div class=\"u-over-slide u-shading u-over-slide-1\">\n                          <h3 class=\"u-gallery-heading\"><\/h3>\n                          <p class=\"u-gallery-text\"><\/p>\n                        <\/div>\n                      <\/div>\n                      <div class=\"u-gallery-item\">\n                        <div class=\"u-back-slide\" data-image-width=\"1080\" data-image-height=\"1920\">\n                          <img class=\"u-back-image u-expanded lazyload\" data-src=\"http:\/\/metallbau-fw.de\/wp-content\/uploads\/2020\/08\/Screenshot_2017-06-30-23-39-59.png\">\n                        <\/div>\n                        <div class=\"u-over-slide u-shading u-over-slide-2\">\n                          <h3 class=\"u-gallery-heading\"><\/h3>\n                          <p class=\"u-gallery-text\"><\/p>\n                        <\/div>\n                      <\/div>\n                      <div class=\"u-gallery-item\">\n                        <div class=\"u-back-slide\" data-image-width=\"1080\" data-image-height=\"1920\">\n                          <img class=\"u-back-image u-expanded lazyload\" data-src=\"http:\/\/metallbau-fw.de\/wp-content\/uploads\/2020\/08\/Screenshot_2017-06-30-23-40-05.png\">\n                        <\/div>\n                        <div class=\"u-over-slide u-shading u-over-slide-3\">\n                          <h3 class=\"u-gallery-heading\"><\/h3>\n                          <p class=\"u-gallery-text\"><\/p>\n                        <\/div>\n                      <\/div>\n                      <div class=\"u-gallery-item u-gallery-item-4\" data-image-width=\"1280\" data-image-height=\"777\">\n                        <div class=\"u-back-slide\" data-image-width=\"1080\" data-image-height=\"1920\">\n                          <img class=\"u-back-image u-expanded lazyload u-back-image-4\" data-src=\"http:\/\/metallbau-fw.de\/wp-content\/uploads\/2020\/08\/Screenshot_2017-06-30-23-39-46.png\">\n                        <\/div>\n                        <div class=\"u-over-slide u-shading u-over-slide-4\">\n                          <h3 class=\"u-gallery-heading\" style=\"background-image: none;\"><\/h3>\n                          <p class=\"u-gallery-text\" style=\"background-image: none;\"><\/p>\n                        <\/div>\n                      <\/div>\n                      <div class=\"u-gallery-item\">\n                        <div class=\"u-back-slide\" data-image-width=\"2064\" data-image-height=\"1161\">\n                          <img class=\"u-back-image u-expanded lazyload\" data-src=\"http:\/\/metallbau-fw.de\/wp-content\/uploads\/2020\/08\/20170825_145004.jpg\">\n                        <\/div>\n                        <div class=\"u-over-slide u-shading u-over-slide-5\">\n                          <h3 class=\"u-gallery-heading\"><\/h3>\n                          <p class=\"u-gallery-text\"><\/p>\n                        <\/div>\n                      <\/div>\n                      <div class=\"u-gallery-item u-gallery-item-6\" data-image-width=\"1280\" data-image-height=\"720\">\n                        <div class=\"u-back-slide\" data-image-width=\"2560\" data-image-height=\"1440\">\n                          <img class=\"u-back-image u-expanded lazyload u-back-image-6\" data-src=\"http:\/\/metallbau-fw.de\/wp-content\/uploads\/2020\/08\/20200127_153250-scaled.jpg\">\n                        <\/div>\n                        <div class=\"u-over-slide u-shading u-over-slide-6\">\n                          <h3 class=\"u-gallery-heading\" style=\"background-image: none;\"><\/h3>\n                          <p class=\"u-gallery-text\" style=\"background-image: none;\"><\/p>\n                        <\/div>\n                      <\/div>\n                    <\/div>\n                  <\/div>\n                <\/div>\n              <\/div>\n              <div class=\"u-container-style u-layout-cell u-right-cell u-size-30 u-layout-cell-2\">\n                <div class=\"u-container-layout u-valign-middle u-container-layout-3\">\n                  <div class=\"u-container-style u-expanded-width u-grey-80 u-group u-group-2\">\n                    <div class=\"u-container-layout u-container-layout-4\">\n                      <h2 class=\"u-align-center u-text u-text-default u-text-1\">Z\u00e4une und Zaunelemente<\/h2>\n                      <p class=\"u-align-center u-text u-text-default u-text-2\">Wir entwerfen und bauen f\u00fcr sie Z\u00e4une und Zaunelemente, ganz nach ihren individuellen Vorstellungen gestaltet. Nat\u00fcrlich finden sie in unserem Angebot auch vorgefertigte L\u00f6sungen. St\u00f6bern sie doch einfach durch unsere Galerie und nehmen bei Fragen jederzeit gerne Kontakt mit uns auf.<\/p>\n                    <\/div>\n                  <\/div>\n                <\/div>\n              <\/div>\n            <\/div>\n          <\/div>\n        <\/div>\n      <\/div>\n    <\/section>\n    <section class=\"u-align-center u-clearfix u-section-5\" id=\"sec-0a13\">\n      <div class=\"u-clearfix u-sheet u-sheet-1\"><\/div>\n    <\/section>\n    <section class=\"u-clearfix u-section-6\" id=\"sec-5532\">\n      <div class=\"u-clearfix u-sheet u-sheet-1\">\n        <div class=\"u-align-center u-container-style u-expanded-width u-grey-80 u-group u-group-1\">\n          <div class=\"u-container-layout u-container-layout-1\">\n            <h2 class=\"u-text u-text-1\">Schmuckbleche<\/h2>\n            <p class=\"u-text u-text-2\">Schmuckbleche\nin verschiedenen Gr\u00f6\u00dfen mit unterschiedlichen Mustern, in den\nunterschiedlichsten RAL T\u00f6nen Pulverbeschichtet oder aber Cortenstahl. Ihre\nW\u00fcnsche, Ihre Ideen geben uns neue Herausforderungen um Ihnen individuelle,\npassende L\u00f6sungen f\u00fcr Ihr Projekt zu pr\u00e4sentieren.<\/p>\n            <div class=\"u-expanded-width u-gallery u-layout-grid u-lightbox u-show-text-on-hover u-gallery-1\">\n              <div class=\"u-gallery-inner u-gallery-inner-1\">\n                <div class=\"u-effect-fade u-gallery-item\">\n                  <div class=\"u-back-slide\" data-image-width=\"2064\" data-image-height=\"1161\">\n                    <img class=\"u-back-image u-expanded lazyload\" data-src=\"http:\/\/metallbau-fw.de\/wp-content\/uploads\/2020\/08\/20170721_165904.jpg\">\n                  <\/div>\n                  <div class=\"u-over-slide u-shading u-over-slide-1\">\n                    <h3 class=\"u-gallery-heading\"><\/h3>\n                    <p class=\"u-gallery-text\"><\/p>\n                  <\/div>\n                <\/div>\n                <div class=\"u-effect-fade u-gallery-item\">\n                  <div class=\"u-back-slide\" data-image-width=\"1613\" data-image-height=\"908\">\n                    <img class=\"u-back-image u-expanded lazyload\" data-src=\"http:\/\/metallbau-fw.de\/wp-content\/uploads\/2020\/08\/20190523_084651.jpg\">\n                  <\/div>\n                  <div class=\"u-over-slide u-shading u-over-slide-2\">\n                    <h3 class=\"u-gallery-heading\"><\/h3>\n                    <p class=\"u-gallery-text\"><\/p>\n                  <\/div>\n                <\/div>\n                <div class=\"u-effect-fade u-gallery-item\">\n                  <div class=\"u-back-slide\" data-image-width=\"1613\" data-image-height=\"908\">\n                    <img class=\"u-back-image u-expanded lazyload\" data-src=\"http:\/\/metallbau-fw.de\/wp-content\/uploads\/2020\/08\/20190523_084711.jpg\">\n                  <\/div>\n                  <div class=\"u-over-slide u-shading u-over-slide-3\">\n                    <h3 class=\"u-gallery-heading\"><\/h3>\n                    <p class=\"u-gallery-text\"><\/p>\n                  <\/div>\n                <\/div>\n                <div class=\"u-effect-fade u-gallery-item\">\n                  <div class=\"u-back-slide\" data-image-width=\"1652\" data-image-height=\"929\">\n                    <img class=\"u-back-image u-expanded lazyload\" data-src=\"http:\/\/metallbau-fw.de\/wp-content\/uploads\/2020\/08\/20170825_145004-1.jpg\">\n                  <\/div>\n                  <div class=\"u-over-slide u-shading u-over-slide-4\">\n                    <h3 class=\"u-gallery-heading\"><\/h3>\n                    <p class=\"u-gallery-text\"><\/p>\n                  <\/div>\n                <\/div>\n                <div class=\"u-effect-fade u-gallery-item\">\n                  <div class=\"u-back-slide\" data-image-width=\"1210\" data-image-height=\"1613\">\n                    <img class=\"u-back-image u-expanded lazyload\" data-src=\"http:\/\/metallbau-fw.de\/wp-content\/uploads\/2020\/08\/20180925_085447.jpg\">\n                  <\/div>\n                  <div class=\"u-over-slide u-shading u-over-slide-5\">\n                    <h3 class=\"u-gallery-heading\"><\/h3>\n                    <p class=\"u-gallery-text\"><\/p>\n                  <\/div>\n                <\/div>\n                <div class=\"u-effect-fade u-gallery-item\">\n                  <div class=\"u-back-slide\" data-image-width=\"1210\" data-image-height=\"1613\">\n                    <img class=\"u-back-image u-expanded lazyload\" data-src=\"http:\/\/metallbau-fw.de\/wp-content\/uploads\/2020\/08\/20180925_085520.jpg\">\n                  <\/div>\n                  <div class=\"u-over-slide u-shading u-over-slide-6\">\n                    <h3 class=\"u-gallery-heading\"><\/h3>\n                    <p class=\"u-gallery-text\"><\/p>\n                  <\/div>\n                <\/div>\n                <div class=\"u-effect-fade u-gallery-item u-gallery-item-7\" data-image-width=\"1280\" data-image-height=\"720\">\n                  <div class=\"u-back-slide\" data-image-width=\"1210\" data-image-height=\"1613\">\n                    <img class=\"u-back-image u-expanded lazyload u-back-image-7\" data-src=\"http:\/\/metallbau-fw.de\/wp-content\/uploads\/2020\/08\/20180925_085457.jpg\">\n                  <\/div>\n                  <div class=\"u-over-slide u-shading u-over-slide-7\">\n                    <h3 class=\"u-gallery-heading\" style=\"background-image: none;\"><\/h3>\n                    <p class=\"u-gallery-text\" style=\"background-image: none;\"><\/p>\n                  <\/div>\n                <\/div>\n                <div class=\"u-effect-fade u-gallery-item u-gallery-item-8\" data-image-width=\"1280\" data-image-height=\"777\">\n                  <div class=\"u-back-slide\" data-image-width=\"1613\" data-image-height=\"1210\">\n                    <img class=\"u-back-image u-expanded lazyload u-back-image-8\" data-src=\"http:\/\/metallbau-fw.de\/wp-content\/uploads\/2020\/08\/20180925_085431.jpg\">\n                  <\/div>\n                  <div class=\"u-over-slide u-shading u-over-slide-8\">\n                    <h3 class=\"u-gallery-heading\" style=\"background-image: none;\"><\/h3>\n                    <p class=\"u-gallery-text\" style=\"background-image: none;\"><\/p>\n                  <\/div>\n                <\/div>\n                <div class=\"u-effect-fade u-gallery-item u-gallery-item-9\" data-image-width=\"2000\" data-image-height=\"1333\">\n                  <div class=\"u-back-slide\" data-image-width=\"1613\" data-image-height=\"908\">\n                    <img class=\"u-back-image u-expanded lazyload\" data-src=\"http:\/\/metallbau-fw.de\/wp-content\/uploads\/2020\/08\/20200127_153250-1.jpg\">\n                  <\/div>\n                  <div class=\"u-over-slide u-shading u-over-slide-9\">\n                    <h3 class=\"u-gallery-heading\" style=\"background-image: none;\"><\/h3>\n                    <p class=\"u-gallery-text\" style=\"background-image: none;\"><\/p>\n                  <\/div>\n                <\/div>\n              <\/div>\n            <\/div>\n          <\/div>\n        <\/div>\n      <\/div>\n    <\/section>\n    \n    \n  \n<\/div>","protected":false},"excerpt":{"rendered":"<p>Unser mobiler F&amp;W-Metallbau-Showroom Die grundlegende Idee unseres Anh\u00e4ngers ist, Ihnen einige unserer Produkte und die individuellen Gestaltungsm\u00f6glichkeiten in verkleinerter Form [&hellip;]<\/p>\n","protected":false},"author":1,"featured_media":0,"parent":0,"menu_order":0,"comment_status":"closed","ping_status":"closed","template":"","meta":{"footnotes":""},"class_list":["post-735","page","type-page","status-publish","hentry"],"_links":{"self":[{"href":"https:\/\/metallbau-fw.de\/index.php?rest_route=\/wp\/v2\/pages\/735","targetHints":{"allow":["GET"]}}],"collection":[{"href":"https:\/\/metallbau-fw.de\/index.php?rest_route=\/wp\/v2\/pages"}],"about":[{"href":"https:\/\/metallbau-fw.de\/index.php?rest_route=\/wp\/v2\/types\/page"}],"author":[{"embeddable":true,"href":"https:\/\/metallbau-fw.de\/index.php?rest_route=\/wp\/v2\/users\/1"}],"replies":[{"embeddable":true,"href":"https:\/\/metallbau-fw.de\/index.php?rest_route=%2Fwp%2Fv2%2Fcomments&post=735"}],"version-history":[{"count":6,"href":"https:\/\/metallbau-fw.de\/index.php?rest_route=\/wp\/v2\/pages\/735\/revisions"}],"predecessor-version":[{"id":846,"href":"https:\/\/metallbau-fw.de\/index.php?rest_route=\/wp\/v2\/pages\/735\/revisions\/846"}],"wp:attachment":[{"href":"https:\/\/metallbau-fw.de\/index.php?rest_route=%2Fwp%2Fv2%2Fmedia&parent=735"}],"curies":[{"name":"wp","href":"https:\/\/api.w.org\/{rel}","templated":true}]}}