{"id":780,"date":"2020-08-26T09:15:40","date_gmt":"2020-08-26T09:15:40","guid":{"rendered":"http:\/\/metallbau-fw.de\/?page_id=780"},"modified":"2020-08-28T10:40:01","modified_gmt":"2020-08-28T10:40:01","slug":"datenschutz","status":"publish","type":"page","link":"https:\/\/metallbau-fw.de\/?page_id=780","title":{"rendered":"Datenschutz"},"content":{"rendered":"<div class=\"\" style=\"\" >\n    \n    <section class=\"u-align-left u-clearfix u-section-2\" src=\"\" id=\"sec-8091\">\n      <div class=\"u-clearfix u-sheet u-sheet-1\">\n        <h1 class=\"u-text u-text-grey-80 u-title u-text-1\">Datenschutzerkl\u00e4rung<\/h1>\n        <p class=\"u-large-text u-text u-text-variant u-text-2\"><b>\n            <font style=\"font-size: 1.5rem;\">1. Datenschutz auf einen Blick<\/font><\/b>\n          <br>\n          <br><b>Allgemeine Hinweise<\/b>\n          <br>Die folgenden Hinweise\ngeben einen einfachen \u00dcberblick dar\u00fcber, was mit Ihren personenbezogenen Daten\npassiert, wenn Sie diese Website besuchen. Personenbezogene Daten sind alle\nDaten, mit denen Sie pers\u00f6nlich identifiziert werden k\u00f6nnen. Ausf\u00fchrliche Informationen\nzum Thema Datenschutz entnehmen Sie unserer unter diesem Text aufgef\u00fchrten\nDatenschutzerkl\u00e4rung.<br>\n          <br><b>Datenerfassung auf dieser Website<\/b>\n          <br>Wer ist verantwortlich\nf\u00fcr die Datenerfassung auf dieser Website?<br>Die Datenverarbeitung\nauf dieser Website erfolgt durch den Websitebetreiber. Dessen Kontaktdaten\nk\u00f6nnen Sie dem Impressum dieser Website entnehmen.<br>\n          <br><b>Wie erfassen wir Ihre\nDaten?<\/b>\n          <br>Ihre Daten werden zum\neinen dadurch erhoben, dass Sie uns diese mitteilen. Hierbei kann es sich z. B.\num Daten handeln, die Sie in ein Kontaktformular eingeben.\nAndere Daten werden\nautomatisch oder nach Ihrer Einwilligung beim Besuch der Website durch unsere\nIT-Systeme erfasst. Das sind vor allem technische Daten (z. B. Internetbrowser,\nBetriebssystem oder Uhrzeit des Seitenaufrufs). Die Erfassung dieser Daten\nerfolgt automatisch, sobald Sie diese Website betreten.<br>\n          <br><b>Wof\u00fcr nutzen wir Ihre\nDaten?<\/b>\n          <br>Ein Teil der Daten wird\nerhoben, um eine fehlerfreie Bereitstellung der Website zu gew\u00e4hrleisten.\nAndere Daten k\u00f6nnen zur Analyse Ihres Nutzerverhaltens verwendet werden.<br>\n          <br><b>Welche Rechte haben Sie\nbez\u00fcglich Ihrer Daten?<\/b>\n          <br>Sie haben jederzeit das\nRecht, unentgeltlich Auskunft \u00fcber Herkunft, Empf\u00e4nger und Zweck Ihrer\ngespeicherten personenbezogenen Daten zu erhalten. Sie haben au\u00dferdem ein\nRecht, die Berichtigung oder L\u00f6schung dieser Daten zu verlangen. Wenn Sie eine\nEinwilligung zur Datenverarbeitung erteilt haben, k\u00f6nnen Sie diese Einwilligung\njederzeit f\u00fcr die Zukunft widerrufen. Au\u00dferdem haben Sie das Recht, unter\nbestimmten Umst\u00e4nden die Einschr\u00e4nkung der Verarbeitung Ihrer personenbezogenen\nDaten zu verlangen. Des Weiteren steht Ihnen ein Beschwerderecht bei der\nzust\u00e4ndigen Aufsichtsbeh\u00f6rde zu.\nHierzu sowie zu\nweiteren Fragen zum Thema Datenschutz k\u00f6nnen Sie sich jederzeit unter der im\nImpressum angegebenen Adresse an uns wenden.<br>\n          <br>\n          <br><b>\n            <font style=\"font-size: 1.5rem;\">2. Hosting und Content Delivery Networks\n(CDN)<\/font><\/b>\n          <br>\n          <br><b>Externes Hosting<\/b>\n          <br>Diese Website wird bei\neinem externen Dienstleister gehostet (Hoster). Die personenbezogenen Daten,\ndie auf dieser Website erfasst werden, werden auf den Servern des Hosters\ngespeichert. Hierbei kann es sich v. a. um IP-Adressen, Kontaktanfragen, Meta-\nund Kommunikationsdaten, Vertragsdaten, Kontaktdaten, Namen, Webseitenzugriffe\nund sonstige Daten, die \u00fcber eine Website generiert werden, handeln.\nDer Einsatz des Hosters\nerfolgt zum Zwecke der Vertragserf\u00fcllung gegen\u00fcber unseren potenziellen und\nbestehenden Kunden (Art. 6 Abs. 1 lit. b DSGVO) und im Interesse einer\nsicheren, schnellen und effizienten Bereitstellung unseres Online-Angebots\ndurch einen professionellen Anbieter (Art. 6 Abs. 1 lit. f DSGVO). Unser Hoster wird Ihre\nDaten nur insoweit verarbeiten, wie dies zur Erf\u00fcllung seiner\nLeistungspflichten erforderlich ist und unsere Weisungen in Bezug auf diese\nDaten befolgen.<br>\n          <br><b>Abschluss eines\nVertrages \u00fcber Auftragsverarbeitung<\/b>\n          <br>Um die\ndatenschutzkonforme Verarbeitung zu gew\u00e4hrleisten, haben wir einen Vertrag \u00fcber\nAuftragsverarbeitung mit unserem Hoster geschlossen.<br>\n          <br>\n          <br><b>\n            <font style=\"font-size: 1.5rem;\">3. Allgemeine Hinweise und\nPflichtinformationen zum Datenschutz<\/font><\/b>\n          <br>\n          <br>Die Betreiber dieser\nSeiten nehmen den Schutz Ihrer pers\u00f6nlichen Daten sehr ernst. Wir behandeln\nIhre personenbezogenen Daten vertraulich und entsprechend der gesetzlichen\nDatenschutzvorschriften sowie dieser Datenschutzerkl\u00e4rung.<br>\n          <br>Wenn Sie diese Website\nbenutzen, werden verschiedene personenbezogene Daten erhoben. Personenbezogene\nDaten sind Daten, mit denen Sie pers\u00f6nlich identifiziert werden k\u00f6nnen. Die\nvorliegende Datenschutzerkl\u00e4rung erl\u00e4utert, welche Daten wir erheben und wof\u00fcr\nwir sie nutzen. Sie erl\u00e4utert auch, wie und zu welchem Zweck das geschieht.Wir weisen darauf hin,\ndass die Daten\u00fcbertragung im Internet (z. B. bei der Kommunikation per E-Mail)\nSicherheitsl\u00fccken aufweisen kann. Ein l\u00fcckenloser Schutz der Daten vor dem\nZugriff durch Dritte ist nicht m\u00f6glich.<br>\n          <br><b>Hinweis zur verantwortlichen Stelle<\/b>\n          <br>Die verantwortliche\nStelle f\u00fcr die Datenverarbeitung auf dieser Website ist:<br>\n          <br> Timo Funke, Dirk\nWei\u00dfen<br>F&amp;W Metallbau\nGmbH &amp; Co. KG<br>Kreuzstra\u00dfe 15<br>59320 Ennigerloh \/\nEnniger<br> Telefon: +49 (0)\n2528 929158<br>E-Mail:\ninfo@metallbau-fw.de<br>\n          <br>Verantwortliche Stelle\nist die nat\u00fcrliche oder juristische Person, die allein oder gemeinsam mit\nanderen \u00fcber die Zwecke und Mittel der Verarbeitung von personenbezogenen Daten\n(z. B. Namen, E-Mail-Adressen o. \u00c4.) entscheidet.<br>\n          <br><b>Widerruf Ihrer Einwilligung zur\nDatenverarbeitung<\/b>\n          <br>Viele\nDatenverarbeitungsvorg\u00e4nge sind nur mit Ihrer ausdr\u00fccklichen Einwilligung\nm\u00f6glich. Sie k\u00f6nnen eine bereits erteilte Einwilligung jederzeit widerrufen.\nDazu reicht eine formlose Mitteilung per E-Mail an uns. Die Rechtm\u00e4\u00dfigkeit der\nbis zum Widerruf erfolgten Datenverarbeitung bleibt vom Widerruf unber\u00fchrt.<br>\n          <br><b>Widerspruchsrecht gegen die\nDatenerhebung in besonderen F\u00e4llen sowie gegen Direktwerbung (Art. 21 DSGVO)<\/b>\n          <br>WENN DIE\nDATENVERARBEITUNG AUF GRUNDLAGE VON ART. 6 ABS. 1 LIT. E ODER F DSGVO ERFOLGT,\nHABEN SIE JEDERZEIT DAS RECHT, AUS GR\u00dcNDEN, DIE SICH AUS IHRER BESONDEREN\nSITUATION ERGEBEN, GEGEN DIE VERARBEITUNG IHRER PERSONENBEZOGENEN DATEN\nWIDERSPRUCH EINZULEGEN; DIES GILT AUCH F\u00dcR EIN AUF DIESE BESTIMMUNGEN\nGEST\u00dcTZTES PROFILING. DIE JEWEILIGE RECHTSGRUNDLAGE, AUF DENEN EINE\nVERARBEITUNG BERUHT, ENTNEHMEN SIE DIESER DATENSCHUTZERKL\u00c4RUNG. WENN SIE\nWIDERSPRUCH EINLEGEN, WERDEN WIR IHRE BETROFFENEN PERSONENBEZOGENEN DATEN NICHT\nMEHR VERARBEITEN, ES SEI DENN, WIR K\u00d6NNEN ZWINGENDE SCHUTZW\u00dcRDIGE GR\u00dcNDE F\u00dcR\nDIE VERARBEITUNG NACHWEISEN, DIE IHRE INTERESSEN, RECHTE UND FREIHEITEN\n\u00dcBERWIEGEN ODER DIE VERARBEITUNG DIENT DER GELTENDMACHUNG, AUS\u00dcBUNG ODER\nVERTEIDIGUNG VON RECHTSANSPR\u00dcCHEN (WIDERSPRUCH NACH ART. 21 ABS. 1 DSGVO).\nWERDEN IHRE\nPERSONENBEZOGENEN DATEN VERARBEITET, UM DIREKTWERBUNG ZU BETREIBEN, SO HABEN\nSIE DAS RECHT, JEDERZEIT WIDERSPRUCH GEGEN DIE VERARBEITUNG SIE BETREFFENDER\nPERSONENBEZOGENER DATEN ZUM ZWECKE DERARTIGER WERBUNG EINZULEGEN; DIES GILT\nAUCH F\u00dcR DAS PROFILING, SOWEIT ES MIT SOLCHER DIREKTWERBUNG IN VERBINDUNG\nSTEHT. WENN SIE WIDERSPRECHEN, WERDEN IHRE PERSONENBEZOGENEN DATEN\nANSCHLIESSEND NICHT MEHR ZUM ZWECKE DER DIREKTWERBUNG VERWENDET (WIDERSPRUCH\nNACH ART. 21 ABS. 2 DSGVO).<br>\n          <br><b>Beschwerderecht bei der zust\u00e4ndigen\nAufsichtsbeh\u00f6rde<\/b>\n          <br>Im Falle von Verst\u00f6\u00dfen\ngegen die DSGVO steht den Betroffenen ein Beschwerderecht bei einer\nAufsichtsbeh\u00f6rde, insbesondere in dem Mitgliedstaat ihres gew\u00f6hnlichen\nAufenthalts, ihres Arbeitsplatzes oder des Orts des mutma\u00dflichen Versto\u00dfes zu.\nDas Beschwerderecht besteht unbeschadet anderweitiger verwaltungsrechtlicher\noder gerichtlicher Rechtsbehelfe.<br>\n          <br><b>Recht auf Daten\u00fcbertragbarkeit<\/b>\n          <br>Sie haben das Recht,\nDaten, die wir auf Grundlage Ihrer Einwilligung oder in Erf\u00fcllung eines\nVertrags automatisiert verarbeiten, an sich oder an einen Dritten in einem\ng\u00e4ngigen, maschinenlesbaren Format aush\u00e4ndigen zu lassen. Sofern Sie die\ndirekte \u00dcbertragung der Daten an einen anderen Verantwortlichen verlangen,\nerfolgt dies nur, soweit es technisch machbar ist.<br>\n          <br><b>SSL- bzw. TLS-Verschl\u00fcsselung<\/b>\n          <br>Diese Seite nutzt aus\nSicherheitsgr\u00fcnden und zum Schutz der \u00dcbertragung vertraulicher Inhalte, wie\nzum Beispiel Bestellungen oder Anfragen, die Sie an uns als Seitenbetreiber\nsenden, eine SSL- bzw. TLS-Verschl\u00fcsselung. Eine verschl\u00fcsselte Verbindung\nerkennen Sie daran, dass die Adresszeile des Browsers von \u201ehttp:\/\/\u201c auf\n\u201ehttps:\/\/\u201c wechselt und an dem Schloss-Symbol in Ihrer Browserzeile.\nWenn die SSL- bzw.\nTLS-Verschl\u00fcsselung aktiviert ist, k\u00f6nnen die Daten, die Sie an uns\n\u00fcbermitteln, nicht von Dritten mitgelesen werden.<br>\n          <br><b>Auskunft, L\u00f6schung und Berichtigung<\/b>\n          <br>Sie haben im Rahmen der\ngeltenden gesetzlichen Bestimmungen jederzeit das Recht auf unentgeltliche\nAuskunft \u00fcber Ihre gespeicherten personenbezogenen Daten, deren Herkunft und\nEmpf\u00e4nger und den Zweck der Datenverarbeitung und ggf. ein Recht auf\nBerichtigung oder L\u00f6schung dieser Daten. Hierzu sowie zu weiteren Fragen zum\nThema personenbezogene Daten k\u00f6nnen Sie sich jederzeit unter der im Impressum\nangegebenen Adresse an uns wenden.<br>\n          <br><b>Recht auf Einschr\u00e4nkung der Verarbeitung<\/b>\n          <br>Sie haben das Recht,\ndie Einschr\u00e4nkung der Verarbeitung Ihrer personenbezogenen Daten zu verlangen.\nHierzu k\u00f6nnen Sie sich jederzeit unter der im Impressum angegebenen Adresse an\nuns wenden. Das Recht auf Einschr\u00e4nkung der Verarbeitung besteht in folgenden\nF\u00e4llen:<br>&gt; Wenn Sie die\nRichtigkeit Ihrer bei uns gespeicherten personenbezogenen Daten bestreiten, ben\u00f6tigen\nwir in der Regel Zeit, um dies zu \u00fcberpr\u00fcfen. F\u00fcr die Dauer der Pr\u00fcfung haben\nSie das Recht, die Einschr\u00e4nkung der Verarbeitung Ihrer personenbezogenen Daten\nzu verlangen.<br>&gt; Wenn die\nVerarbeitung Ihrer personenbezogenen Daten unrechtm\u00e4\u00dfig geschah\/geschieht,\nk\u00f6nnen Sie statt der L\u00f6schung die Einschr\u00e4nkung der Datenverarbeitung\nverlangen.<br>&gt;&nbsp;<!--[endif]-->Wenn wir Ihre\npersonenbezogenen Daten nicht mehr ben\u00f6tigen, Sie sie jedoch zur Aus\u00fcbung,\nVerteidigung oder Geltendmachung von Rechtsanspr\u00fcchen ben\u00f6tigen, haben Sie das\nRecht, statt der L\u00f6schung die Einschr\u00e4nkung der Verarbeitung Ihrer\npersonenbezogenen Daten zu verlangen.<br>&gt; Wenn Sie einen Widerspruch nach Art. 21 Abs. 1\nDSGVO eingelegt haben, muss eine Abw\u00e4gung zwischen Ihren und unseren Interessen\nvorgenommen werden. Solange noch nicht feststeht, wessen Interessen \u00fcberwiegen,\nhaben Sie das Recht, die Einschr\u00e4nkung der Verarbeitung Ihrer personenbezogenen\nDaten zu verlangen.<br>\n          <br>Wenn Sie die\nVerarbeitung Ihrer personenbezogenen Daten eingeschr\u00e4nkt haben, d\u00fcrfen diese\nDaten \u2013 von ihrer Speicherung abgesehen \u2013 nur mit Ihrer Einwilligung oder zur\nGeltendmachung, Aus\u00fcbung oder Verteidigung von Rechtsanspr\u00fcchen oder zum Schutz\nder Rechte einer anderen nat\u00fcrlichen oder juristischen Person oder aus Gr\u00fcnden\neines wichtigen \u00f6ffentlichen Interesses der Europ\u00e4ischen Union oder eines\nMitgliedstaats verarbeitet werden.<br>\n          <br><b>Widerspruch gegen Werbe-E-Mails<\/b>\n          <br>Der Nutzung von im\nRahmen der Impressumspflicht ver\u00f6ffentlichten Kontaktdaten zur \u00dcbersendung von\nnicht ausdr\u00fccklich angeforderter Werbung und Informationsmaterialien wird\nhiermit widersprochen. Die Betreiber der Seiten behalten sich ausdr\u00fccklich\nrechtliche Schritte im Falle der unverlangten Zusendung von Werbeinformationen,\netwa durch Spam-E-Mails, vor.&nbsp;<br>\n          <br>\n          <br><b>\n            <font style=\"font-size: 1.5rem;\">4. Datenerfassung auf dieser Website<\/font><\/b>\n          <br>\n          <br><b>Server-Log-Dateien<\/b>\n          <br>Der Provider der Seiten\nerhebt und speichert automatisch Informationen in so genannten\nServer-Log-Dateien, die Ihr Browser automatisch an uns \u00fcbermittelt. Dies sind:<br>\u25cf&nbsp;&nbsp;&nbsp;&nbsp; <!--[endif]-->Browsertyp und\nBrowserversion<br>\u25cf&nbsp;&nbsp;&nbsp;&nbsp; <!--[endif]-->verwendetes\nBetriebssystem<br>\u25cf&nbsp;&nbsp;&nbsp;&nbsp; <!--[endif]-->Referrer URL<br>\u25cf&nbsp;&nbsp;&nbsp;&nbsp; <!--[endif]-->Hostname des\nzugreifenden Rechners<br>\u25cf&nbsp;&nbsp;&nbsp;&nbsp; <!--[endif]-->Uhrzeit der\nServeranfrage<br>\u25cf&nbsp;&nbsp;&nbsp;&nbsp; <!--[endif]-->IP-Adresse<br>\n          <br>Eine Zusammenf\u00fchrung\ndieser Daten mit anderen Datenquellen wird nicht vorgenommen.\nDie Erfassung dieser\nDaten erfolgt auf Grundlage von Art. 6 Abs. 1 lit. f DSGVO. Der\nWebsitebetreiber hat ein berechtigtes Interesse an der technisch fehlerfreien\nDarstellung und der Optimierung seiner Website \u2013 hierzu m\u00fcssen die\nServer-Log-Files erfasst werden.<br>\n          <br><b>Anfrage per E-Mail, Telefon oder Telefax<\/b>\n          <br>Wenn Sie uns per\nE-Mail, Telefon oder Telefax kontaktieren, wird Ihre Anfrage inklusive aller\ndaraus hervorgehenden personenbezogenen Daten (Name, Anfrage) zum Zwecke der\nBearbeitung Ihres Anliegens bei uns gespeichert und verarbeitet. Diese Daten\ngeben wir nicht ohne Ihre Einwilligung weiter.<br>\n          <br>Die Verarbeitung dieser\nDaten erfolgt auf Grundlage von Art. 6 Abs. 1 lit. b DSGVO, sofern Ihre Anfrage\nmit der Erf\u00fcllung eines Vertrags zusammenh\u00e4ngt oder zur Durchf\u00fchrung\nvorvertraglicher Ma\u00dfnahmen erforderlich ist. In allen \u00fcbrigen F\u00e4llen beruht die\nVerarbeitung auf unserem berechtigten Interesse an der effektiven Bearbeitung\nder an uns gerichteten Anfragen (Art. 6 Abs. 1 lit. f DSGVO) oder auf Ihrer\nEinwilligung (Art. 6 Abs. 1 lit. a DSGVO) sofern diese abgefragt wurde.<br>\n          <br>Die von Ihnen an uns per Kontaktanfragen\n\u00fcbersandten Daten verbleiben bei uns, bis Sie uns zur L\u00f6schung auffordern, Ihre\nEinwilligung zur Speicherung widerrufen oder der Zweck f\u00fcr die Datenspeicherung\nentf\u00e4llt (z. B. nach abgeschlossener Bearbeitung Ihres Anliegens). Zwingende\ngesetzliche Bestimmungen \u2013 insbesondere gesetzliche Aufbewahrungsfristen \u2013\nbleiben unber\u00fchrt.\n&nbsp;\n&nbsp;\n&nbsp;\n&nbsp;\n&nbsp;\n&nbsp;\n&nbsp;\n&nbsp;\n&nbsp;\n&nbsp;\n&nbsp;\n&nbsp;\n&nbsp;\n&nbsp;\n        <\/p>\n      <\/div>\n    <\/section>\n    \n    \n  \n<\/div>","protected":false},"excerpt":{"rendered":"<p>Datenschutzerkl\u00e4rung 1. Datenschutz auf einen Blick Allgemeine Hinweise Die folgenden Hinweise geben einen einfachen \u00dcberblick dar\u00fcber, was mit Ihren personenbezogenen [&hellip;]<\/p>\n","protected":false},"author":1,"featured_media":0,"parent":0,"menu_order":0,"comment_status":"closed","ping_status":"closed","template":"","meta":{"footnotes":""},"class_list":["post-780","page","type-page","status-publish","hentry"],"_links":{"self":[{"href":"https:\/\/metallbau-fw.de\/index.php?rest_route=\/wp\/v2\/pages\/780","targetHints":{"allow":["GET"]}}],"collection":[{"href":"https:\/\/metallbau-fw.de\/index.php?rest_route=\/wp\/v2\/pages"}],"about":[{"href":"https:\/\/metallbau-fw.de\/index.php?rest_route=\/wp\/v2\/types\/page"}],"author":[{"embeddable":true,"href":"https:\/\/metallbau-fw.de\/index.php?rest_route=\/wp\/v2\/users\/1"}],"replies":[{"embeddable":true,"href":"https:\/\/metallbau-fw.de\/index.php?rest_route=%2Fwp%2Fv2%2Fcomments&post=780"}],"version-history":[{"count":4,"href":"https:\/\/metallbau-fw.de\/index.php?rest_route=\/wp\/v2\/pages\/780\/revisions"}],"predecessor-version":[{"id":836,"href":"https:\/\/metallbau-fw.de\/index.php?rest_route=\/wp\/v2\/pages\/780\/revisions\/836"}],"wp:attachment":[{"href":"https:\/\/metallbau-fw.de\/index.php?rest_route=%2Fwp%2Fv2%2Fmedia&parent=780"}],"curies":[{"name":"wp","href":"https:\/\/api.w.org\/{rel}","templated":true}]}}